{"id":10397,"date":"2022-09-29T12:41:16","date_gmt":"2022-09-29T10:41:16","guid":{"rendered":"https:\/\/hercules-therapie.nl\/houdingstherapie\/?page_id=10397"},"modified":"2026-01-09T11:28:17","modified_gmt":"2026-01-09T10:28:17","slug":"uitwisselingen","status":"publish","type":"page","link":"https:\/\/hercules-therapie.nl\/houdingstherapie\/uitwisselingen\/","title":{"rendered":"Uitwisselingen"},"content":{"rendered":"<p>Ik wissel graag diensten uit met andere therapeuten, het liefst met gesloten beurzen. Dit heeft als bijkomend voordeel dat we ook cli\u00ebnten naar elkaar kunnen doorverwijzen. Als jij therapeut bent merk je vast wel eens dat mensen fysieke klachten hebben die niet weggaan met traditionele &#8220;behandelingen&#8221;. Aan de andere kant merk ik dat mijn cli\u00ebnten vaak complexe problematiek hebben waarbij het goed is om ook andere therapi\u00eben in te zetten. Ik verwijs dus ook graag door naar andere therapeuten. En omdat mijn cli\u00ebnten in principe in het hele land zitten (plus in Belgi\u00eb), ben ik altijd op zoek naar goede therapeuten door heel Nederland (en Belgi\u00eb).<\/p>\n<p>Ik kan me voorstellen dat je eerst wilt weten hoe ik werk, vandaar dat ik uitwisselingen aanbied. Een intake houdingstherapie in ruil voor iets wat jij aanbiedt. De details komen we altijd wel uit. Mijn intake kan op een fysieke locatie (op een van mijn praktijklocaties: Amsterdam Noord of Purmerend), bij jou in de praktijk of thuis of op een andere locatie in overleg. Maar deze therapie is bij uitstek ook geschikt om online te doen dus dat is ook een uitstekende optie.<\/p>\n<p>Ge\u00efnteresseerd? Neem contact op via het whatsapp-chatvenster of <a href=\"&#x6d;&#x61;&#x69;&#x6c;&#116;&#111;:pa&#x74;&#x72;&#x69;&#x63;&#107;&#64;hou&#x64;&#x69;&#x6e;&#x67;&#115;&#116;&#104;er&#x61;&#x70;&#x69;&#x65;&#45;&#104;&#101;rc&#x75;&#x6c;&#x65;&#x73;&#46;&#110;&#108;\">via e-mail<\/a>!<\/p>\n<p>Wil jij een keer een <a href=\"https:\/\/hercules-therapie.nl\/houdingstherapie\/gratis-quick-scan\/\" target=\"_blank\" rel=\"noopener\">Gratis-Quick-Scan-Dag<\/a> organiseren? Neem dan ook even contact op!<\/p>\n<p>Groet Patrick<\/p>\n","protected":false},"excerpt":{"rendered":"<p>Ik wissel graag diensten uit met andere therapeuten, het liefst met gesloten beurzen. Dit heeft als bijkomend voordeel dat we ook cli\u00ebnten naar elkaar kunnen doorverwijzen. Als jij therapeut bent merk je vast wel eens dat mensen fysieke klachten hebben die niet weggaan met traditionele &#8220;behandelingen&#8221;. Aan de andere kant merk ik dat mijn cli\u00ebnten [&hellip;]<\/p>\n","protected":false},"author":2,"featured_media":0,"parent":0,"menu_order":0,"comment_status":"closed","ping_status":"closed","template":"","meta":{"_et_pb_use_builder":"","_et_pb_old_content":"","_et_gb_content_width":"","footnotes":""},"class_list":["post-10397","page","type-page","status-publish","hentry"],"yoast_head":"<!-- This site is optimized with the Yoast SEO plugin v27.5 - https:\/\/yoast.com\/product\/yoast-seo-wordpress\/ -->\n<title>Uitwisselingen &#8211; Praktijk voor Houdingstherapie Hercules<\/title>\n<meta name=\"robots\" content=\"index, follow, max-snippet:-1, max-image-preview:large, max-video-preview:-1\" \/>\n<link rel=\"canonical\" href=\"https:\/\/hercules-therapie.nl\/houdingstherapie\/uitwisselingen\/\" \/>\n<meta property=\"og:locale\" content=\"nl_NL\" \/>\n<meta property=\"og:type\" content=\"article\" \/>\n<meta property=\"og:title\" content=\"Uitwisselingen &#8211; Praktijk voor Houdingstherapie Hercules\" \/>\n<meta property=\"og:description\" content=\"Ik wissel graag diensten uit met andere therapeuten, het liefst met gesloten beurzen. Dit heeft als bijkomend voordeel dat we ook cli\u00ebnten naar elkaar kunnen doorverwijzen. Als jij therapeut bent merk je vast wel eens dat mensen fysieke klachten hebben die niet weggaan met traditionele &#8220;behandelingen&#8221;. Aan de andere kant merk ik dat mijn cli\u00ebnten [&hellip;]\" \/>\n<meta property=\"og:url\" content=\"https:\/\/hercules-therapie.nl\/houdingstherapie\/uitwisselingen\/\" \/>\n<meta property=\"og:site_name\" content=\"Praktijk voor Houdingstherapie Hercules\" \/>\n<meta property=\"article:publisher\" content=\"http:\/\/www.facebook.com\/houdingstherapie\" \/>\n<meta property=\"article:modified_time\" content=\"2026-01-09T10:28:17+00:00\" \/>\n<meta name=\"twitter:card\" content=\"summary_large_image\" \/>\n<meta name=\"twitter:site\" content=\"@herculeshouding\" \/>\n<meta name=\"twitter:label1\" content=\"Geschatte leestijd\" \/>\n\t<meta name=\"twitter:data1\" content=\"2 minuten\" \/>\n<script type=\"application\/ld+json\" class=\"yoast-schema-graph\">{\"@context\":\"https:\\\/\\\/schema.org\",\"@graph\":[{\"@type\":\"WebPage\",\"@id\":\"https:\\\/\\\/hercules-therapie.nl\\\/houdingstherapie\\\/uitwisselingen\\\/\",\"url\":\"https:\\\/\\\/hercules-therapie.nl\\\/houdingstherapie\\\/uitwisselingen\\\/\",\"name\":\"Uitwisselingen &#8211; Praktijk voor Houdingstherapie Hercules\",\"isPartOf\":{\"@id\":\"https:\\\/\\\/hercules-therapie.nl\\\/houdingstherapie\\\/#website\"},\"datePublished\":\"2022-09-29T10:41:16+00:00\",\"dateModified\":\"2026-01-09T10:28:17+00:00\",\"breadcrumb\":{\"@id\":\"https:\\\/\\\/hercules-therapie.nl\\\/houdingstherapie\\\/uitwisselingen\\\/#breadcrumb\"},\"inLanguage\":\"nl-NL\",\"potentialAction\":[{\"@type\":\"ReadAction\",\"target\":[\"https:\\\/\\\/hercules-therapie.nl\\\/houdingstherapie\\\/uitwisselingen\\\/\"]}]},{\"@type\":\"BreadcrumbList\",\"@id\":\"https:\\\/\\\/hercules-therapie.nl\\\/houdingstherapie\\\/uitwisselingen\\\/#breadcrumb\",\"itemListElement\":[{\"@type\":\"ListItem\",\"position\":1,\"name\":\"Home\",\"item\":\"https:\\\/\\\/hercules-therapie.nl\\\/houdingstherapie\\\/\"},{\"@type\":\"ListItem\",\"position\":2,\"name\":\"Uitwisselingen\"}]},{\"@type\":\"WebSite\",\"@id\":\"https:\\\/\\\/hercules-therapie.nl\\\/houdingstherapie\\\/#website\",\"url\":\"https:\\\/\\\/hercules-therapie.nl\\\/houdingstherapie\\\/\",\"name\":\"Praktijk voor Houdingstherapie Hercules\",\"description\":\"Praktijk voor Houdingstherapie\",\"potentialAction\":[{\"@type\":\"SearchAction\",\"target\":{\"@type\":\"EntryPoint\",\"urlTemplate\":\"https:\\\/\\\/hercules-therapie.nl\\\/houdingstherapie\\\/?s={search_term_string}\"},\"query-input\":{\"@type\":\"PropertyValueSpecification\",\"valueRequired\":true,\"valueName\":\"search_term_string\"}}],\"inLanguage\":\"nl-NL\"}]}<\/script>\n<!-- \/ Yoast SEO plugin. -->","yoast_head_json":{"title":"Uitwisselingen &#8211; Praktijk voor Houdingstherapie Hercules","robots":{"index":"index","follow":"follow","max-snippet":"max-snippet:-1","max-image-preview":"max-image-preview:large","max-video-preview":"max-video-preview:-1"},"canonical":"https:\/\/hercules-therapie.nl\/houdingstherapie\/uitwisselingen\/","og_locale":"nl_NL","og_type":"article","og_title":"Uitwisselingen &#8211; Praktijk voor Houdingstherapie Hercules","og_description":"Ik wissel graag diensten uit met andere therapeuten, het liefst met gesloten beurzen. Dit heeft als bijkomend voordeel dat we ook cli\u00ebnten naar elkaar kunnen doorverwijzen. Als jij therapeut bent merk je vast wel eens dat mensen fysieke klachten hebben die niet weggaan met traditionele &#8220;behandelingen&#8221;. Aan de andere kant merk ik dat mijn cli\u00ebnten [&hellip;]","og_url":"https:\/\/hercules-therapie.nl\/houdingstherapie\/uitwisselingen\/","og_site_name":"Praktijk voor Houdingstherapie Hercules","article_publisher":"http:\/\/www.facebook.com\/houdingstherapie","article_modified_time":"2026-01-09T10:28:17+00:00","twitter_card":"summary_large_image","twitter_site":"@herculeshouding","twitter_misc":{"Geschatte leestijd":"2 minuten"},"schema":{"@context":"https:\/\/schema.org","@graph":[{"@type":"WebPage","@id":"https:\/\/hercules-therapie.nl\/houdingstherapie\/uitwisselingen\/","url":"https:\/\/hercules-therapie.nl\/houdingstherapie\/uitwisselingen\/","name":"Uitwisselingen &#8211; Praktijk voor Houdingstherapie Hercules","isPartOf":{"@id":"https:\/\/hercules-therapie.nl\/houdingstherapie\/#website"},"datePublished":"2022-09-29T10:41:16+00:00","dateModified":"2026-01-09T10:28:17+00:00","breadcrumb":{"@id":"https:\/\/hercules-therapie.nl\/houdingstherapie\/uitwisselingen\/#breadcrumb"},"inLanguage":"nl-NL","potentialAction":[{"@type":"ReadAction","target":["https:\/\/hercules-therapie.nl\/houdingstherapie\/uitwisselingen\/"]}]},{"@type":"BreadcrumbList","@id":"https:\/\/hercules-therapie.nl\/houdingstherapie\/uitwisselingen\/#breadcrumb","itemListElement":[{"@type":"ListItem","position":1,"name":"Home","item":"https:\/\/hercules-therapie.nl\/houdingstherapie\/"},{"@type":"ListItem","position":2,"name":"Uitwisselingen"}]},{"@type":"WebSite","@id":"https:\/\/hercules-therapie.nl\/houdingstherapie\/#website","url":"https:\/\/hercules-therapie.nl\/houdingstherapie\/","name":"Praktijk voor Houdingstherapie Hercules","description":"Praktijk voor Houdingstherapie","potentialAction":[{"@type":"SearchAction","target":{"@type":"EntryPoint","urlTemplate":"https:\/\/hercules-therapie.nl\/houdingstherapie\/?s={search_term_string}"},"query-input":{"@type":"PropertyValueSpecification","valueRequired":true,"valueName":"search_term_string"}}],"inLanguage":"nl-NL"}]}},"_links":{"self":[{"href":"https:\/\/hercules-therapie.nl\/houdingstherapie\/wp-json\/wp\/v2\/pages\/10397","targetHints":{"allow":["GET"]}}],"collection":[{"href":"https:\/\/hercules-therapie.nl\/houdingstherapie\/wp-json\/wp\/v2\/pages"}],"about":[{"href":"https:\/\/hercules-therapie.nl\/houdingstherapie\/wp-json\/wp\/v2\/types\/page"}],"author":[{"embeddable":true,"href":"https:\/\/hercules-therapie.nl\/houdingstherapie\/wp-json\/wp\/v2\/users\/2"}],"replies":[{"embeddable":true,"href":"https:\/\/hercules-therapie.nl\/houdingstherapie\/wp-json\/wp\/v2\/comments?post=10397"}],"version-history":[{"count":0,"href":"https:\/\/hercules-therapie.nl\/houdingstherapie\/wp-json\/wp\/v2\/pages\/10397\/revisions"}],"wp:attachment":[{"href":"https:\/\/hercules-therapie.nl\/houdingstherapie\/wp-json\/wp\/v2\/media?parent=10397"}],"curies":[{"name":"wp","href":"https:\/\/api.w.org\/{rel}","templated":true}]}}