{"id":4868,"date":"2020-03-02T13:27:11","date_gmt":"2020-03-02T12:27:11","guid":{"rendered":"https:\/\/hercules-therapie.nl\/houdingstherapie\/?page_id=4868"},"modified":"2021-01-18T11:29:51","modified_gmt":"2021-01-18T10:29:51","slug":"voor-en-na-fotos","status":"publish","type":"page","link":"https:\/\/hercules-therapie.nl\/houdingstherapie\/voor-en-na-fotos\/","title":{"rendered":"Voor en na foto&#8217;s"},"content":{"rendered":"<p>Op deze pagina laat ik wat voor- en na-foto&#8217;s zien van cli\u00ebnten. Altijd geanonimiseerd en met toestemming van de betreffende cli\u00ebnt. Bij iedere cli\u00ebnt is verschil te zien in de foto&#8217;s aan het begin van een traject van houdingstherapie en later in de therapie, en vaak ook voor- en na de intake.<\/p>\n<h2>Mevrouw E. uit Amsterdam<\/h2>\n<p>Mevrouw E. is 41 jaar oud en doet veel staand werk. Hieronder de voor- en na-foto&#8217;s:\u00a0 hier zitten 5 bezoeken en bijna 2,5 maand tussen. Het is duidelijk te zien dat de stand van met name het rechter been (voor de kijkers dus links) flink is verbeterd. Zij ervaart ook minder klachten, eigenlijk al vrij snel na het begin. Kijk vooral ook naar het verschil in voetstand. Niet alleen de rechtervoet maar ook het hele rechter bovenbeen (te zien aan de knie) zijn veel minder uitgedraaid. Het rechterbeen oogt veel functioneler.<\/p>\n<p><img loading=\"lazy\" decoding=\"async\" class=\"alignnone wp-image-4869 size-large\" src=\"https:\/\/hercules-therapie.nl\/houdingstherapie\/wp-content\/uploads\/2020\/03\/voor-en-na-1030x937.png\" alt=\"\" width=\"1030\" height=\"937\" srcset=\"https:\/\/hercules-therapie.nl\/houdingstherapie\/wp-content\/uploads\/2020\/03\/voor-en-na-1030x937.png 1030w, https:\/\/hercules-therapie.nl\/houdingstherapie\/wp-content\/uploads\/2020\/03\/voor-en-na-300x273.png 300w, https:\/\/hercules-therapie.nl\/houdingstherapie\/wp-content\/uploads\/2020\/03\/voor-en-na-768x698.png 768w, https:\/\/hercules-therapie.nl\/houdingstherapie\/wp-content\/uploads\/2020\/03\/voor-en-na-1536x1397.png 1536w, https:\/\/hercules-therapie.nl\/houdingstherapie\/wp-content\/uploads\/2020\/03\/voor-en-na-2048x1862.png 2048w, https:\/\/hercules-therapie.nl\/houdingstherapie\/wp-content\/uploads\/2020\/03\/voor-en-na-1080x982.png 1080w\" sizes=\"auto, (max-width: 1030px) 100vw, 1030px\" \/><\/p>\n<h2>Mijnheer E. uit Amsterdam<\/h2>\n<p>Mijnheer E. is 68 jaar oud. Hij heeft ook een beroep waarvoor hij veel moet staan. Onderstaande foto&#8217;s zijn genomen voor- en na een enkel consult. Hiertussen zaten slechts een handvol oefeningen. Wat vooral opvalt is dat in het zijaanzicht er veel minder een &#8216;zigzaglijn&#8217; is en veel meer de rechte lijn waarnaar we op zoek zijn. Op die manier kunnen alle gewrichten elkaar optimaal ondersteunen.<\/p>\n<p><img loading=\"lazy\" decoding=\"async\" class=\"alignnone size-large wp-image-4870\" src=\"https:\/\/hercules-therapie.nl\/houdingstherapie\/wp-content\/uploads\/2020\/03\/voor-en-na-anoniem-lijnen-1030x1030.png\" alt=\"\" width=\"1030\" height=\"1030\" srcset=\"https:\/\/hercules-therapie.nl\/houdingstherapie\/wp-content\/uploads\/2020\/03\/voor-en-na-anoniem-lijnen-1030x1030.png 1030w, https:\/\/hercules-therapie.nl\/houdingstherapie\/wp-content\/uploads\/2020\/03\/voor-en-na-anoniem-lijnen-300x300.png 300w, https:\/\/hercules-therapie.nl\/houdingstherapie\/wp-content\/uploads\/2020\/03\/voor-en-na-anoniem-lijnen-80x80.png 80w, https:\/\/hercules-therapie.nl\/houdingstherapie\/wp-content\/uploads\/2020\/03\/voor-en-na-anoniem-lijnen-768x768.png 768w, https:\/\/hercules-therapie.nl\/houdingstherapie\/wp-content\/uploads\/2020\/03\/voor-en-na-anoniem-lijnen-1536x1536.png 1536w, https:\/\/hercules-therapie.nl\/houdingstherapie\/wp-content\/uploads\/2020\/03\/voor-en-na-anoniem-lijnen-75x75.png 75w, https:\/\/hercules-therapie.nl\/houdingstherapie\/wp-content\/uploads\/2020\/03\/voor-en-na-anoniem-lijnen-1080x1080.png 1080w, https:\/\/hercules-therapie.nl\/houdingstherapie\/wp-content\/uploads\/2020\/03\/voor-en-na-anoniem-lijnen-440x440.png 440w, https:\/\/hercules-therapie.nl\/houdingstherapie\/wp-content\/uploads\/2020\/03\/voor-en-na-anoniem-lijnen-150x150.png 150w, https:\/\/hercules-therapie.nl\/houdingstherapie\/wp-content\/uploads\/2020\/03\/voor-en-na-anoniem-lijnen.png 2048w\" sizes=\"auto, (max-width: 1030px) 100vw, 1030px\" \/><\/p>\n<h2>Mevrouw M. uit de Zaanstreek<\/h2>\n<p>Mevrouw M. is 75 jaar oud. Onderstaande foto is genomen voor de quick scan, en nadat zij besloten had om een volledige intake te doen. Let vooral op de positie van de bovenrug. Er is weer meer sprake van een S-curve in de ruggengraat in plaats van een C-curve. De ruggengraat is bedoeld om (onder andere) schokken te absorberen, vandaar de S-vorm als een soort van veer. Als er teveel een C-curve is ontstaan komt er veel teveel druk op de ruggenwervels.<\/p>\n<p><img loading=\"lazy\" decoding=\"async\" class=\"alignnone size-large wp-image-4871\" src=\"https:\/\/hercules-therapie.nl\/houdingstherapie\/wp-content\/uploads\/2020\/03\/M-voor-en-na-948x1030.jpg\" alt=\"\" width=\"948\" height=\"1030\" srcset=\"https:\/\/hercules-therapie.nl\/houdingstherapie\/wp-content\/uploads\/2020\/03\/M-voor-en-na-948x1030.jpg 948w, https:\/\/hercules-therapie.nl\/houdingstherapie\/wp-content\/uploads\/2020\/03\/M-voor-en-na-276x300.jpg 276w, https:\/\/hercules-therapie.nl\/houdingstherapie\/wp-content\/uploads\/2020\/03\/M-voor-en-na-768x834.jpg 768w, https:\/\/hercules-therapie.nl\/houdingstherapie\/wp-content\/uploads\/2020\/03\/M-voor-en-na-1414x1536.jpg 1414w, https:\/\/hercules-therapie.nl\/houdingstherapie\/wp-content\/uploads\/2020\/03\/M-voor-en-na-1886x2048.jpg 1886w, https:\/\/hercules-therapie.nl\/houdingstherapie\/wp-content\/uploads\/2020\/03\/M-voor-en-na-1080x1173.jpg 1080w\" sizes=\"auto, (max-width: 948px) 100vw, 948px\" \/><\/p>\n<h2>Mevrouw J. uit Amsterdam<\/h2>\n<p>Mevrouw J. doet veel presentaties en wil een houding die daar bij past. Onderstaande voor en na-foto&#8217;s zijn genomen tijdens de eerste sessie, na het doen van een kort menu van zo&#8217;n 20 minuten.<\/p>\n<p><img loading=\"lazy\" decoding=\"async\" class=\"alignnone size-full wp-image-4896\" src=\"https:\/\/hercules-therapie.nl\/houdingstherapie\/wp-content\/uploads\/2020\/03\/Collage-Josephine-anoniem.jpg\" alt=\"\" width=\"438\" height=\"903\" srcset=\"https:\/\/hercules-therapie.nl\/houdingstherapie\/wp-content\/uploads\/2020\/03\/Collage-Josephine-anoniem.jpg 438w, https:\/\/hercules-therapie.nl\/houdingstherapie\/wp-content\/uploads\/2020\/03\/Collage-Josephine-anoniem-146x300.jpg 146w\" sizes=\"auto, (max-width: 438px) 100vw, 438px\" \/><\/p>\n<h2>D. uit Paramaribo<\/h2>\n<p>D. is 10 jaar oud en had geen pijnklachten, maar D&#8217;s moeder maakte zich zorgen om de knie- en enkelstand. Vanwege de afstand hebben we de sessies online gedaan via Zoom. Na ongeveer 2,5 week oefenen is er al een mooi (tussen)resultaat bereikt waarbij vooral de stand van de rechter enkel flink is verbeterd!<\/p>\n<p><img loading=\"lazy\" decoding=\"async\" class=\"alignnone wp-image-8056\" src=\"https:\/\/hercules-therapie.nl\/houdingstherapie\/wp-content\/uploads\/2021\/01\/houdingstherapie_20210118_112137_0-300x300.jpg\" alt=\"\" width=\"600\" height=\"600\" srcset=\"https:\/\/hercules-therapie.nl\/houdingstherapie\/wp-content\/uploads\/2021\/01\/houdingstherapie_20210118_112137_0-300x300.jpg 300w, https:\/\/hercules-therapie.nl\/houdingstherapie\/wp-content\/uploads\/2021\/01\/houdingstherapie_20210118_112137_0-1030x1030.jpg 1030w, https:\/\/hercules-therapie.nl\/houdingstherapie\/wp-content\/uploads\/2021\/01\/houdingstherapie_20210118_112137_0-80x80.jpg 80w, https:\/\/hercules-therapie.nl\/houdingstherapie\/wp-content\/uploads\/2021\/01\/houdingstherapie_20210118_112137_0-768x768.jpg 768w, https:\/\/hercules-therapie.nl\/houdingstherapie\/wp-content\/uploads\/2021\/01\/houdingstherapie_20210118_112137_0-75x75.jpg 75w, https:\/\/hercules-therapie.nl\/houdingstherapie\/wp-content\/uploads\/2021\/01\/houdingstherapie_20210118_112137_0-440x440.jpg 440w, https:\/\/hercules-therapie.nl\/houdingstherapie\/wp-content\/uploads\/2021\/01\/houdingstherapie_20210118_112137_0-150x150.jpg 150w, https:\/\/hercules-therapie.nl\/houdingstherapie\/wp-content\/uploads\/2021\/01\/houdingstherapie_20210118_112137_0.jpg 1080w\" sizes=\"auto, (max-width: 600px) 100vw, 600px\" \/><\/p>\n","protected":false},"excerpt":{"rendered":"<p>Op deze pagina laat ik wat voor- en na-foto&#8217;s zien van cli\u00ebnten. Altijd geanonimiseerd en met toestemming van de betreffende cli\u00ebnt. Bij iedere cli\u00ebnt is verschil te zien in de foto&#8217;s aan het begin van een traject van houdingstherapie en later in de therapie, en vaak ook voor- en na de intake. Mevrouw E. uit [&hellip;]<\/p>\n","protected":false},"author":2,"featured_media":0,"parent":0,"menu_order":0,"comment_status":"closed","ping_status":"closed","template":"","meta":{"_et_pb_use_builder":"","_et_pb_old_content":"","_et_gb_content_width":"","footnotes":""},"class_list":["post-4868","page","type-page","status-publish","hentry"],"yoast_head":"<!-- This site is optimized with the Yoast SEO plugin v27.5 - https:\/\/yoast.com\/product\/yoast-seo-wordpress\/ -->\n<title>Voor en na foto&#039;s &#8211; Praktijk voor Houdingstherapie Hercules<\/title>\n<meta name=\"robots\" content=\"index, follow, max-snippet:-1, max-image-preview:large, max-video-preview:-1\" \/>\n<link rel=\"canonical\" href=\"https:\/\/hercules-therapie.nl\/houdingstherapie\/voor-en-na-fotos\/\" \/>\n<meta property=\"og:locale\" content=\"nl_NL\" \/>\n<meta property=\"og:type\" content=\"article\" \/>\n<meta property=\"og:title\" content=\"Voor en na foto&#039;s &#8211; Praktijk voor Houdingstherapie Hercules\" \/>\n<meta property=\"og:description\" content=\"Op deze pagina laat ik wat voor- en na-foto&#8217;s zien van cli\u00ebnten. Altijd geanonimiseerd en met toestemming van de betreffende cli\u00ebnt. Bij iedere cli\u00ebnt is verschil te zien in de foto&#8217;s aan het begin van een traject van houdingstherapie en later in de therapie, en vaak ook voor- en na de intake. Mevrouw E. uit [&hellip;]\" \/>\n<meta property=\"og:url\" content=\"https:\/\/hercules-therapie.nl\/houdingstherapie\/voor-en-na-fotos\/\" \/>\n<meta property=\"og:site_name\" content=\"Praktijk voor Houdingstherapie Hercules\" \/>\n<meta property=\"article:publisher\" content=\"http:\/\/www.facebook.com\/houdingstherapie\" \/>\n<meta property=\"article:modified_time\" content=\"2021-01-18T10:29:51+00:00\" \/>\n<meta property=\"og:image\" content=\"https:\/\/hercules-therapie.nl\/houdingstherapie\/wp-content\/uploads\/2020\/03\/voor-en-na-1030x937.png\" \/>\n<meta name=\"twitter:card\" content=\"summary_large_image\" \/>\n<meta name=\"twitter:site\" content=\"@herculeshouding\" \/>\n<meta name=\"twitter:label1\" content=\"Geschatte leestijd\" \/>\n\t<meta name=\"twitter:data1\" content=\"3 minuten\" \/>\n<script type=\"application\/ld+json\" class=\"yoast-schema-graph\">{\"@context\":\"https:\\\/\\\/schema.org\",\"@graph\":[{\"@type\":\"WebPage\",\"@id\":\"https:\\\/\\\/hercules-therapie.nl\\\/houdingstherapie\\\/voor-en-na-fotos\\\/\",\"url\":\"https:\\\/\\\/hercules-therapie.nl\\\/houdingstherapie\\\/voor-en-na-fotos\\\/\",\"name\":\"Voor en na foto's &#8211; Praktijk voor Houdingstherapie Hercules\",\"isPartOf\":{\"@id\":\"https:\\\/\\\/hercules-therapie.nl\\\/houdingstherapie\\\/#website\"},\"primaryImageOfPage\":{\"@id\":\"https:\\\/\\\/hercules-therapie.nl\\\/houdingstherapie\\\/voor-en-na-fotos\\\/#primaryimage\"},\"image\":{\"@id\":\"https:\\\/\\\/hercules-therapie.nl\\\/houdingstherapie\\\/voor-en-na-fotos\\\/#primaryimage\"},\"thumbnailUrl\":\"https:\\\/\\\/hercules-therapie.nl\\\/houdingstherapie\\\/wp-content\\\/uploads\\\/2020\\\/03\\\/voor-en-na-1030x937.png\",\"datePublished\":\"2020-03-02T12:27:11+00:00\",\"dateModified\":\"2021-01-18T10:29:51+00:00\",\"breadcrumb\":{\"@id\":\"https:\\\/\\\/hercules-therapie.nl\\\/houdingstherapie\\\/voor-en-na-fotos\\\/#breadcrumb\"},\"inLanguage\":\"nl-NL\",\"potentialAction\":[{\"@type\":\"ReadAction\",\"target\":[\"https:\\\/\\\/hercules-therapie.nl\\\/houdingstherapie\\\/voor-en-na-fotos\\\/\"]}]},{\"@type\":\"ImageObject\",\"inLanguage\":\"nl-NL\",\"@id\":\"https:\\\/\\\/hercules-therapie.nl\\\/houdingstherapie\\\/voor-en-na-fotos\\\/#primaryimage\",\"url\":\"https:\\\/\\\/hercules-therapie.nl\\\/houdingstherapie\\\/wp-content\\\/uploads\\\/2020\\\/03\\\/voor-en-na.png\",\"contentUrl\":\"https:\\\/\\\/hercules-therapie.nl\\\/houdingstherapie\\\/wp-content\\\/uploads\\\/2020\\\/03\\\/voor-en-na.png\",\"width\":2560,\"height\":2328},{\"@type\":\"BreadcrumbList\",\"@id\":\"https:\\\/\\\/hercules-therapie.nl\\\/houdingstherapie\\\/voor-en-na-fotos\\\/#breadcrumb\",\"itemListElement\":[{\"@type\":\"ListItem\",\"position\":1,\"name\":\"Home\",\"item\":\"https:\\\/\\\/hercules-therapie.nl\\\/houdingstherapie\\\/\"},{\"@type\":\"ListItem\",\"position\":2,\"name\":\"Voor en na foto&#8217;s\"}]},{\"@type\":\"WebSite\",\"@id\":\"https:\\\/\\\/hercules-therapie.nl\\\/houdingstherapie\\\/#website\",\"url\":\"https:\\\/\\\/hercules-therapie.nl\\\/houdingstherapie\\\/\",\"name\":\"Praktijk voor Houdingstherapie Hercules\",\"description\":\"Praktijk voor Houdingstherapie\",\"potentialAction\":[{\"@type\":\"SearchAction\",\"target\":{\"@type\":\"EntryPoint\",\"urlTemplate\":\"https:\\\/\\\/hercules-therapie.nl\\\/houdingstherapie\\\/?s={search_term_string}\"},\"query-input\":{\"@type\":\"PropertyValueSpecification\",\"valueRequired\":true,\"valueName\":\"search_term_string\"}}],\"inLanguage\":\"nl-NL\"}]}<\/script>\n<!-- \/ Yoast SEO plugin. -->","yoast_head_json":{"title":"Voor en na foto's &#8211; Praktijk voor Houdingstherapie Hercules","robots":{"index":"index","follow":"follow","max-snippet":"max-snippet:-1","max-image-preview":"max-image-preview:large","max-video-preview":"max-video-preview:-1"},"canonical":"https:\/\/hercules-therapie.nl\/houdingstherapie\/voor-en-na-fotos\/","og_locale":"nl_NL","og_type":"article","og_title":"Voor en na foto's &#8211; Praktijk voor Houdingstherapie Hercules","og_description":"Op deze pagina laat ik wat voor- en na-foto&#8217;s zien van cli\u00ebnten. Altijd geanonimiseerd en met toestemming van de betreffende cli\u00ebnt. Bij iedere cli\u00ebnt is verschil te zien in de foto&#8217;s aan het begin van een traject van houdingstherapie en later in de therapie, en vaak ook voor- en na de intake. Mevrouw E. uit [&hellip;]","og_url":"https:\/\/hercules-therapie.nl\/houdingstherapie\/voor-en-na-fotos\/","og_site_name":"Praktijk voor Houdingstherapie Hercules","article_publisher":"http:\/\/www.facebook.com\/houdingstherapie","article_modified_time":"2021-01-18T10:29:51+00:00","og_image":[{"url":"https:\/\/hercules-therapie.nl\/houdingstherapie\/wp-content\/uploads\/2020\/03\/voor-en-na-1030x937.png","type":"","width":"","height":""}],"twitter_card":"summary_large_image","twitter_site":"@herculeshouding","twitter_misc":{"Geschatte leestijd":"3 minuten"},"schema":{"@context":"https:\/\/schema.org","@graph":[{"@type":"WebPage","@id":"https:\/\/hercules-therapie.nl\/houdingstherapie\/voor-en-na-fotos\/","url":"https:\/\/hercules-therapie.nl\/houdingstherapie\/voor-en-na-fotos\/","name":"Voor en na foto's &#8211; Praktijk voor Houdingstherapie Hercules","isPartOf":{"@id":"https:\/\/hercules-therapie.nl\/houdingstherapie\/#website"},"primaryImageOfPage":{"@id":"https:\/\/hercules-therapie.nl\/houdingstherapie\/voor-en-na-fotos\/#primaryimage"},"image":{"@id":"https:\/\/hercules-therapie.nl\/houdingstherapie\/voor-en-na-fotos\/#primaryimage"},"thumbnailUrl":"https:\/\/hercules-therapie.nl\/houdingstherapie\/wp-content\/uploads\/2020\/03\/voor-en-na-1030x937.png","datePublished":"2020-03-02T12:27:11+00:00","dateModified":"2021-01-18T10:29:51+00:00","breadcrumb":{"@id":"https:\/\/hercules-therapie.nl\/houdingstherapie\/voor-en-na-fotos\/#breadcrumb"},"inLanguage":"nl-NL","potentialAction":[{"@type":"ReadAction","target":["https:\/\/hercules-therapie.nl\/houdingstherapie\/voor-en-na-fotos\/"]}]},{"@type":"ImageObject","inLanguage":"nl-NL","@id":"https:\/\/hercules-therapie.nl\/houdingstherapie\/voor-en-na-fotos\/#primaryimage","url":"https:\/\/hercules-therapie.nl\/houdingstherapie\/wp-content\/uploads\/2020\/03\/voor-en-na.png","contentUrl":"https:\/\/hercules-therapie.nl\/houdingstherapie\/wp-content\/uploads\/2020\/03\/voor-en-na.png","width":2560,"height":2328},{"@type":"BreadcrumbList","@id":"https:\/\/hercules-therapie.nl\/houdingstherapie\/voor-en-na-fotos\/#breadcrumb","itemListElement":[{"@type":"ListItem","position":1,"name":"Home","item":"https:\/\/hercules-therapie.nl\/houdingstherapie\/"},{"@type":"ListItem","position":2,"name":"Voor en na foto&#8217;s"}]},{"@type":"WebSite","@id":"https:\/\/hercules-therapie.nl\/houdingstherapie\/#website","url":"https:\/\/hercules-therapie.nl\/houdingstherapie\/","name":"Praktijk voor Houdingstherapie Hercules","description":"Praktijk voor Houdingstherapie","potentialAction":[{"@type":"SearchAction","target":{"@type":"EntryPoint","urlTemplate":"https:\/\/hercules-therapie.nl\/houdingstherapie\/?s={search_term_string}"},"query-input":{"@type":"PropertyValueSpecification","valueRequired":true,"valueName":"search_term_string"}}],"inLanguage":"nl-NL"}]}},"_links":{"self":[{"href":"https:\/\/hercules-therapie.nl\/houdingstherapie\/wp-json\/wp\/v2\/pages\/4868","targetHints":{"allow":["GET"]}}],"collection":[{"href":"https:\/\/hercules-therapie.nl\/houdingstherapie\/wp-json\/wp\/v2\/pages"}],"about":[{"href":"https:\/\/hercules-therapie.nl\/houdingstherapie\/wp-json\/wp\/v2\/types\/page"}],"author":[{"embeddable":true,"href":"https:\/\/hercules-therapie.nl\/houdingstherapie\/wp-json\/wp\/v2\/users\/2"}],"replies":[{"embeddable":true,"href":"https:\/\/hercules-therapie.nl\/houdingstherapie\/wp-json\/wp\/v2\/comments?post=4868"}],"version-history":[{"count":0,"href":"https:\/\/hercules-therapie.nl\/houdingstherapie\/wp-json\/wp\/v2\/pages\/4868\/revisions"}],"wp:attachment":[{"href":"https:\/\/hercules-therapie.nl\/houdingstherapie\/wp-json\/wp\/v2\/media?parent=4868"}],"curies":[{"name":"wp","href":"https:\/\/api.w.org\/{rel}","templated":true}]}}