{"id":796,"date":"2016-08-22T11:23:56","date_gmt":"2016-08-22T09:23:56","guid":{"rendered":"https:\/\/hercules-therapie.nl\/houdingstherapie\/?page_id=796"},"modified":"2019-04-22T15:30:49","modified_gmt":"2019-04-22T13:30:49","slug":"typen-houdingsafwijkingen","status":"publish","type":"page","link":"https:\/\/hercules-therapie.nl\/houdingstherapie\/typen-houdingsafwijkingen\/","title":{"rendered":"Typen houdingsafwijkingen"},"content":{"rendered":"<p>[et_pb_section bb_built=&#8221;1&#8243; inner_width=&#8221;auto&#8221; inner_max_width=&#8221;none&#8221;][et_pb_row][et_pb_column type=&#8221;4_4&#8243;][et_pb_text admin_label=&#8221;Intro&#8221; _builder_version=&#8221;3.0.64&#8243; background_layout=&#8221;light&#8221; text_orientation=&#8221;left&#8221; border_style=&#8221;solid&#8221;]<\/p>\n<p>\nHoewel iedereen een eigen unieke houding heeft, zijn er grofweg 3 categorie\u00ebn of typen\u00a0houding.<\/p>\n<p>[\/et_pb_text][\/et_pb_column][\/et_pb_row][et_pb_row][et_pb_column type=&#8221;4_4&#8243;][et_pb_text admin_label=&#8221;Tekst Condition 1&#8243; _builder_version=&#8221;3.0.64&#8243; background_layout=&#8221;light&#8221; text_orientation=&#8221;left&#8221; border_style=&#8221;solid&#8221;]<\/p>\n<h2>Type 1<\/h2>\n<p>De houding van mensen die in deze groep vallen kenmerkt zich door knie\u00ebn en\/of voeten die naar buiten gedraaid staan (zie vooraanzicht plaatje hieronder, klik voor een vergroting) en een bekken dat naar voren gekanteld is (zie zijaanzicht plaatje hieronder).\u00a0Hierdoor is er meestal een overdreven curve in de onderrug.<\/p>\n<p>[\/et_pb_text][\/et_pb_column][\/et_pb_row][et_pb_row][et_pb_column type=&#8221;1_2&#8243;][et_pb_image admin_label=&#8221;Condition 1 &#8211; front&#8221; _builder_version=&#8221;3.0.66&#8243; src=&#8221;https:\/\/hercules-therapie.nl\/houdingstherapie\/wp-content\/uploads\/2016\/07\/cond1_front.jpg&#8221; show_in_lightbox=&#8221;off&#8221; url_new_window=&#8221;off&#8221; use_overlay=&#8221;off&#8221; sticky=&#8221;off&#8221; align=&#8221;left&#8221; always_center_on_mobile=&#8221;on&#8221; border_style=&#8221;solid&#8221; force_fullwidth=&#8221;off&#8221; animation=&#8221;off&#8221; animation_style=&#8221;none&#8221; animation_duration=&#8221;1000ms&#8221; animation_intensity_slide=&#8221;50%&#8221; show_bottom_space=&#8221;on&#8221; \/][\/et_pb_column][et_pb_column type=&#8221;1_2&#8243;][et_pb_image admin_label=&#8221;Condition 1 side&#8221; _builder_version=&#8221;3.0.64&#8243; src=&#8221;https:\/\/hercules-therapie.nl\/houdingstherapie\/wp-content\/uploads\/2016\/07\/cond1_oblique.jpg&#8221; show_in_lightbox=&#8221;off&#8221; url_new_window=&#8221;off&#8221; use_overlay=&#8221;off&#8221; sticky=&#8221;off&#8221; align=&#8221;left&#8221; always_center_on_mobile=&#8221;on&#8221; border_style=&#8221;solid&#8221; force_fullwidth=&#8221;off&#8221; animation=&#8221;off&#8221; animation_style=&#8221;none&#8221; animation_duration=&#8221;1000ms&#8221; animation_intensity_slide=&#8221;50%&#8221; show_bottom_space=&#8221;on&#8221; \/][\/et_pb_column][\/et_pb_row][et_pb_row][et_pb_column type=&#8221;4_4&#8243;][et_pb_text admin_label=&#8221;Tekst Condition 2&#8243; _builder_version=&#8221;3.0.64&#8243; background_layout=&#8221;light&#8221; text_orientation=&#8221;left&#8221; border_style=&#8221;solid&#8221;]<\/p>\n<h2>Type 2<\/h2>\n<p>De houding van mensen die in deze groep vallen kenmerkt zich door \u00e9\u00e9n of meerdere asymmetrie\u00ebn in de houding (zie vooraanzicht plaatje hieronder, klik voor een vergroting):<\/p>\n<p>[\/et_pb_text][\/et_pb_column][\/et_pb_row][et_pb_row][et_pb_column type=&#8221;1_2&#8243;][et_pb_image admin_label=&#8221;Condition 2 &#8211; front&#8221; _builder_version=&#8221;3.0.64&#8243; src=&#8221;https:\/\/hercules-therapie.nl\/houdingstherapie\/wp-content\/uploads\/2016\/07\/cond2_front.jpg&#8221; show_in_lightbox=&#8221;off&#8221; url_new_window=&#8221;off&#8221; use_overlay=&#8221;off&#8221; sticky=&#8221;off&#8221; align=&#8221;left&#8221; always_center_on_mobile=&#8221;on&#8221; border_style=&#8221;solid&#8221; force_fullwidth=&#8221;off&#8221; animation=&#8221;off&#8221; animation_style=&#8221;none&#8221; animation_duration=&#8221;1000ms&#8221; animation_intensity_slide=&#8221;50%&#8221; show_bottom_space=&#8221;on&#8221; \/][\/et_pb_column][et_pb_column type=&#8221;1_2&#8243;][et_pb_image admin_label=&#8221;Condition 2 side&#8221; _builder_version=&#8221;3.0.64&#8243; src=&#8221;https:\/\/hercules-therapie.nl\/houdingstherapie\/wp-content\/uploads\/2016\/07\/cond2_side.jpg&#8221; show_in_lightbox=&#8221;off&#8221; url_new_window=&#8221;off&#8221; use_overlay=&#8221;off&#8221; sticky=&#8221;off&#8221; align=&#8221;left&#8221; always_center_on_mobile=&#8221;on&#8221; border_style=&#8221;solid&#8221; force_fullwidth=&#8221;off&#8221; animation=&#8221;off&#8221; animation_style=&#8221;none&#8221; animation_duration=&#8221;1000ms&#8221; animation_intensity_slide=&#8221;50%&#8221; show_bottom_space=&#8221;on&#8221; \/][\/et_pb_column][\/et_pb_row][et_pb_row][et_pb_column type=&#8221;4_4&#8243;][et_pb_text admin_label=&#8221;Tekst condition 3&#8243; _builder_version=&#8221;3.0.64&#8243; background_layout=&#8221;light&#8221; text_orientation=&#8221;left&#8221; border_style=&#8221;solid&#8221;]<\/p>\n<h2>Type 3<\/h2>\n<p>De houding van mensen die in deze groep vallen kenmerkt zich tenslotte met name door het bekken dat naar achteren gekanteld is.\u00a0Hierdoor is de onderrug afgevlakt en lijkt in een rechte lijn door te lopen.<\/p>\n<p>[\/et_pb_text][\/et_pb_column][\/et_pb_row][et_pb_row][et_pb_column type=&#8221;1_2&#8243;][et_pb_image admin_label=&#8221;Condition 3 &#8211; front&#8221; _builder_version=&#8221;3.0.64&#8243; src=&#8221;https:\/\/hercules-therapie.nl\/houdingstherapie\/wp-content\/uploads\/2016\/07\/cond3_front.jpg&#8221; show_in_lightbox=&#8221;off&#8221; url_new_window=&#8221;off&#8221; use_overlay=&#8221;off&#8221; sticky=&#8221;off&#8221; align=&#8221;left&#8221; always_center_on_mobile=&#8221;on&#8221; border_style=&#8221;solid&#8221; force_fullwidth=&#8221;off&#8221; animation=&#8221;off&#8221; animation_style=&#8221;none&#8221; animation_duration=&#8221;1000ms&#8221; animation_intensity_slide=&#8221;50%&#8221; show_bottom_space=&#8221;on&#8221; \/][\/et_pb_column][et_pb_column type=&#8221;1_2&#8243;][et_pb_image admin_label=&#8221;Condition 3 side&#8221; _builder_version=&#8221;3.0.64&#8243; src=&#8221;https:\/\/hercules-therapie.nl\/houdingstherapie\/wp-content\/uploads\/2016\/07\/cond3_side.jpg&#8221; show_in_lightbox=&#8221;off&#8221; url_new_window=&#8221;off&#8221; use_overlay=&#8221;off&#8221; sticky=&#8221;off&#8221; align=&#8221;left&#8221; always_center_on_mobile=&#8221;on&#8221; border_style=&#8221;solid&#8221; force_fullwidth=&#8221;off&#8221; animation=&#8221;off&#8221; animation_style=&#8221;none&#8221; animation_duration=&#8221;1000ms&#8221; animation_intensity_slide=&#8221;50%&#8221; show_bottom_space=&#8221;on&#8221; \/][\/et_pb_column][\/et_pb_row][et_pb_row][et_pb_column type=&#8221;4_4&#8243;][et_pb_text admin_label=&#8221;Slottekst&#8221; _builder_version=&#8221;3.22.4&#8243; text_text_shadow_horizontal_length=&#8221;text_text_shadow_style,%91object Object%93&#8243; text_text_shadow_vertical_length=&#8221;text_text_shadow_style,%91object Object%93&#8243; text_text_shadow_blur_strength=&#8221;text_text_shadow_style,%91object Object%93&#8243; link_text_shadow_horizontal_length=&#8221;link_text_shadow_style,%91object Object%93&#8243; link_text_shadow_vertical_length=&#8221;link_text_shadow_style,%91object Object%93&#8243; link_text_shadow_blur_strength=&#8221;link_text_shadow_style,%91object Object%93&#8243; ul_text_shadow_horizontal_length=&#8221;ul_text_shadow_style,%91object Object%93&#8243; ul_text_shadow_vertical_length=&#8221;ul_text_shadow_style,%91object Object%93&#8243; ul_text_shadow_blur_strength=&#8221;ul_text_shadow_style,%91object Object%93&#8243; ol_text_shadow_horizontal_length=&#8221;ol_text_shadow_style,%91object Object%93&#8243; ol_text_shadow_vertical_length=&#8221;ol_text_shadow_style,%91object Object%93&#8243; ol_text_shadow_blur_strength=&#8221;ol_text_shadow_style,%91object Object%93&#8243; quote_text_shadow_horizontal_length=&#8221;quote_text_shadow_style,%91object Object%93&#8243; quote_text_shadow_vertical_length=&#8221;quote_text_shadow_style,%91object Object%93&#8243; quote_text_shadow_blur_strength=&#8221;quote_text_shadow_style,%91object Object%93&#8243; header_text_shadow_horizontal_length=&#8221;header_text_shadow_style,%91object Object%93&#8243; header_text_shadow_vertical_length=&#8221;header_text_shadow_style,%91object Object%93&#8243; header_text_shadow_blur_strength=&#8221;header_text_shadow_style,%91object Object%93&#8243; header_2_text_shadow_horizontal_length=&#8221;header_2_text_shadow_style,%91object Object%93&#8243; header_2_text_shadow_vertical_length=&#8221;header_2_text_shadow_style,%91object Object%93&#8243; header_2_text_shadow_blur_strength=&#8221;header_2_text_shadow_style,%91object Object%93&#8243; header_3_text_shadow_horizontal_length=&#8221;header_3_text_shadow_style,%91object Object%93&#8243; header_3_text_shadow_vertical_length=&#8221;header_3_text_shadow_style,%91object Object%93&#8243; header_3_text_shadow_blur_strength=&#8221;header_3_text_shadow_style,%91object Object%93&#8243; header_4_text_shadow_horizontal_length=&#8221;header_4_text_shadow_style,%91object Object%93&#8243; header_4_text_shadow_vertical_length=&#8221;header_4_text_shadow_style,%91object Object%93&#8243; header_4_text_shadow_blur_strength=&#8221;header_4_text_shadow_style,%91object Object%93&#8243; header_5_text_shadow_horizontal_length=&#8221;header_5_text_shadow_style,%91object Object%93&#8243; header_5_text_shadow_vertical_length=&#8221;header_5_text_shadow_style,%91object Object%93&#8243; header_5_text_shadow_blur_strength=&#8221;header_5_text_shadow_style,%91object Object%93&#8243; header_6_text_shadow_horizontal_length=&#8221;header_6_text_shadow_style,%91object Object%93&#8243; header_6_text_shadow_vertical_length=&#8221;header_6_text_shadow_style,%91object Object%93&#8243; header_6_text_shadow_blur_strength=&#8221;header_6_text_shadow_style,%91object Object%93&#8243; z_index_tablet=&#8221;500&#8243;]<\/p>\n<p>In de praktijk zien we vaak een combinatie van deze drie types, bijvoorbeeld type 1+2 of 2+3. De therapie richt zich altijd eerst op het verhelpen van type 2 &#8211; elementen (asymmetrie\u00ebn) en vervolgens op het neutraliseren van het bekken (dat bij type 1 teveel naar voren en bij type 3 teveel naar achteren gekanteld staat).\u00a0<\/p>\n<p><a href=\"https:\/\/hercules-therapie.nl\/houdingstherapie\/top-5-houdingsafwijkingen\/\" target=\"_blank\" rel=\"noopener noreferrer\">Klik hier<\/a> voor de top 5 van de meest voorkomende houdingsafwijkingen!<\/p>\n<p>[\/et_pb_text][\/et_pb_column][\/et_pb_row][\/et_pb_section]<\/p>\n","protected":false},"excerpt":{"rendered":"<p><div class=\"et_pb_row et_pb_row_0 et_pb_row_empty\">\n\t\t\t\t\n\t\t\t\t\n\t\t\t\t\n\t\t\t\t\n\t\t\t\t\n\t\t\t<\/div> Hoewel iedereen een eigen unieke houding heeft, zijn er grofweg 3 categorie\u00ebn of typen\u00a0houding. <div class=\"et_pb_row et_pb_row_1 et_pb_row_empty\">\n\t\t\t\t\n\t\t\t\t\n\t\t\t\t\n\t\t\t\t\n\t\t\t\t\n\t\t\t<\/div> Type 1 De houding van mensen die in deze groep vallen kenmerkt zich door knie\u00ebn en\/of voeten die naar buiten gedraaid staan (zie vooraanzicht plaatje hieronder, klik voor een vergroting) en een bekken dat naar voren gekanteld is (zie [&hellip;]<\/p>\n","protected":false},"author":2,"featured_media":0,"parent":0,"menu_order":0,"comment_status":"closed","ping_status":"closed","template":"","meta":{"_et_pb_use_builder":"on","_et_pb_old_content":"<p>Hoewel iedereen een eigen unieke houding heeft, zijn er grofweg 3 categorie\u00ebn of typen\u00a0houding.<\/p><h4>Type 1<\/h4><p>De houding van mensen die in deze groep vallen kenmerkt zich door knie\u00ebn en\/of voeten die naar buiten gedraaid staan (zie vooraanzicht plaatje hieronder, klik voor een vergroting) en een bekken dat naar voren gekanteld is (zie zijaanzicht plaatje hieronder):<\/p>[caption id=\"attachment_728\" align=\"alignnone\" width=\"224\"]<a href=\"https:\/\/hercules-therapie.nl\/houdingstherapie\/wp-content\/uploads\/2016\/07\/cond1_front.jpg\"><img class=\"wp-image-728 size-medium\" src=\"https:\/\/hercules-therapie.nl\/houdingstherapie\/wp-content\/uploads\/2016\/07\/cond1_front-224x300.jpg\" alt=\"conditie 1 voorzijde\" width=\"224\" height=\"300\" \/><\/a> Type 1 - voorkant[\/caption][caption id=\"attachment_730\" align=\"alignnone\" width=\"224\"]<img class=\"size-medium wp-image-730\" src=\"https:\/\/hercules-therapie.nl\/houdingstherapie\/wp-content\/uploads\/2016\/07\/cond1_oblique-224x300.jpg\" alt=\"Condition 1 zijkant\" width=\"224\" height=\"300\" \/> Type 1 - zijkant[\/caption]<p>Hierdoor is er meestal een overdreven curve in de onderrug.<\/p><h4>Type 2<\/h4><p>De houding van mensen die in deze groep vallen kenmerkt zich door \u00e9\u00e9n of meerdere asymmetrie\u00ebn in de houding (zie vooraanzicht plaatje hieronder, klik voor een vergroting) en een bekken dat naar voren gekanteld is (zie zijaanzicht plaatje hieronder):<\/p>[caption id=\"attachment_731\" align=\"alignnone\" width=\"224\"]<img class=\"wp-image-731 size-medium\" src=\"https:\/\/hercules-therapie.nl\/houdingstherapie\/wp-content\/uploads\/2016\/07\/cond2_front-224x300.jpg\" alt=\"Condition 2 - voorkant\" width=\"224\" height=\"300\" \/> Type 2 - voorkant[\/caption][caption id=\"attachment_732\" align=\"alignnone\" width=\"224\"]<img class=\"size-medium wp-image-732\" src=\"https:\/\/hercules-therapie.nl\/houdingstherapie\/wp-content\/uploads\/2016\/07\/cond2_side-224x300.jpg\" alt=\"Condition 2 zijkant\" width=\"224\" height=\"300\" \/> Type 2 - zijkant[\/caption]<h4>Type 3<\/h4><p>De houding van mensen die in deze groep vallen kenmerkt zich tenslotte met name door het bekken dat naar achteren gekanteld is:<\/p>[caption id=\"attachment_733\" align=\"alignnone\" width=\"224\"]<img class=\"size-medium wp-image-733\" src=\"https:\/\/hercules-therapie.nl\/houdingstherapie\/wp-content\/uploads\/2016\/07\/cond3_front-224x300.jpg\" alt=\"Condition 3 voorkant\" width=\"224\" height=\"300\" \/> Type 3 - voorkant[\/caption][caption id=\"attachment_734\" align=\"alignnone\" width=\"224\"]<img class=\"size-medium wp-image-734\" src=\"https:\/\/hercules-therapie.nl\/houdingstherapie\/wp-content\/uploads\/2016\/07\/cond3_side-224x300.jpg\" alt=\"Condition 3 zijkant\" width=\"224\" height=\"300\" \/> Type 3 - zijkant[\/caption]<p>Hierdoor is de onderrug afgevlakt en lijkt in een rechte lijn door te lopen.<\/p><p>In de praktijk zien we vaak een combinatie van deze drie types, bijvoorbeeld type\u00a01+2 of 2+3. De ervaring is dat type 3 vaak het meest hardnekkig is. De therapie richt zich altijd eerst op het verhelpen van type 2 - elementen (asymmetrie\u00ebn).<\/p>","_et_gb_content_width":"","footnotes":""},"class_list":["post-796","page","type-page","status-publish","hentry"],"yoast_head":"<!-- This site is optimized with the Yoast SEO plugin v27.5 - https:\/\/yoast.com\/product\/yoast-seo-wordpress\/ -->\n<title>Typen houding - Praktijk voor Houdingstherapie Hercules<\/title>\n<meta name=\"description\" content=\"Hoewel iedereen zijn of haar eigen houding heeft, zijn er grofweg 3 categorie\u00ebn van houding(safwijkingen). Op deze pagina leest u hier meer over.\" \/>\n<meta name=\"robots\" content=\"index, follow, max-snippet:-1, max-image-preview:large, max-video-preview:-1\" \/>\n<link rel=\"canonical\" href=\"https:\/\/hercules-therapie.nl\/houdingstherapie\/typen-houdingsafwijkingen\/\" \/>\n<meta property=\"og:locale\" content=\"nl_NL\" \/>\n<meta property=\"og:type\" content=\"article\" \/>\n<meta property=\"og:title\" content=\"Typen houding - Praktijk voor Houdingstherapie Hercules\" \/>\n<meta property=\"og:description\" content=\"Hoewel iedereen zijn of haar eigen houding heeft, zijn er grofweg 3 categorie\u00ebn van houding(safwijkingen). Op deze pagina leest u hier meer over.\" \/>\n<meta property=\"og:url\" content=\"https:\/\/hercules-therapie.nl\/houdingstherapie\/typen-houdingsafwijkingen\/\" \/>\n<meta property=\"og:site_name\" content=\"Praktijk voor Houdingstherapie Hercules\" \/>\n<meta property=\"article:publisher\" content=\"http:\/\/www.facebook.com\/houdingstherapie\" \/>\n<meta property=\"article:modified_time\" content=\"2019-04-22T13:30:49+00:00\" \/>\n<meta name=\"twitter:card\" content=\"summary_large_image\" \/>\n<meta name=\"twitter:site\" content=\"@herculeshouding\" \/>\n<meta name=\"twitter:label1\" content=\"Geschatte leestijd\" \/>\n\t<meta name=\"twitter:data1\" content=\"6 minuten\" \/>\n<script type=\"application\/ld+json\" class=\"yoast-schema-graph\">{\"@context\":\"https:\\\/\\\/schema.org\",\"@graph\":[{\"@type\":\"WebPage\",\"@id\":\"https:\\\/\\\/hercules-therapie.nl\\\/houdingstherapie\\\/typen-houdingsafwijkingen\\\/\",\"url\":\"https:\\\/\\\/hercules-therapie.nl\\\/houdingstherapie\\\/typen-houdingsafwijkingen\\\/\",\"name\":\"Typen houding - Praktijk voor Houdingstherapie Hercules\",\"isPartOf\":{\"@id\":\"https:\\\/\\\/hercules-therapie.nl\\\/houdingstherapie\\\/#website\"},\"datePublished\":\"2016-08-22T09:23:56+00:00\",\"dateModified\":\"2019-04-22T13:30:49+00:00\",\"description\":\"Hoewel iedereen zijn of haar eigen houding heeft, zijn er grofweg 3 categorie\u00ebn van houding(safwijkingen). Op deze pagina leest u hier meer over.\",\"breadcrumb\":{\"@id\":\"https:\\\/\\\/hercules-therapie.nl\\\/houdingstherapie\\\/typen-houdingsafwijkingen\\\/#breadcrumb\"},\"inLanguage\":\"nl-NL\",\"potentialAction\":[{\"@type\":\"ReadAction\",\"target\":[\"https:\\\/\\\/hercules-therapie.nl\\\/houdingstherapie\\\/typen-houdingsafwijkingen\\\/\"]}]},{\"@type\":\"BreadcrumbList\",\"@id\":\"https:\\\/\\\/hercules-therapie.nl\\\/houdingstherapie\\\/typen-houdingsafwijkingen\\\/#breadcrumb\",\"itemListElement\":[{\"@type\":\"ListItem\",\"position\":1,\"name\":\"Home\",\"item\":\"https:\\\/\\\/hercules-therapie.nl\\\/houdingstherapie\\\/\"},{\"@type\":\"ListItem\",\"position\":2,\"name\":\"Typen houdingsafwijkingen\"}]},{\"@type\":\"WebSite\",\"@id\":\"https:\\\/\\\/hercules-therapie.nl\\\/houdingstherapie\\\/#website\",\"url\":\"https:\\\/\\\/hercules-therapie.nl\\\/houdingstherapie\\\/\",\"name\":\"Praktijk voor Houdingstherapie Hercules\",\"description\":\"Praktijk voor Houdingstherapie\",\"potentialAction\":[{\"@type\":\"SearchAction\",\"target\":{\"@type\":\"EntryPoint\",\"urlTemplate\":\"https:\\\/\\\/hercules-therapie.nl\\\/houdingstherapie\\\/?s={search_term_string}\"},\"query-input\":{\"@type\":\"PropertyValueSpecification\",\"valueRequired\":true,\"valueName\":\"search_term_string\"}}],\"inLanguage\":\"nl-NL\"}]}<\/script>\n<!-- \/ Yoast SEO plugin. -->","yoast_head_json":{"title":"Typen houding - Praktijk voor Houdingstherapie Hercules","description":"Hoewel iedereen zijn of haar eigen houding heeft, zijn er grofweg 3 categorie\u00ebn van houding(safwijkingen). Op deze pagina leest u hier meer over.","robots":{"index":"index","follow":"follow","max-snippet":"max-snippet:-1","max-image-preview":"max-image-preview:large","max-video-preview":"max-video-preview:-1"},"canonical":"https:\/\/hercules-therapie.nl\/houdingstherapie\/typen-houdingsafwijkingen\/","og_locale":"nl_NL","og_type":"article","og_title":"Typen houding - Praktijk voor Houdingstherapie Hercules","og_description":"Hoewel iedereen zijn of haar eigen houding heeft, zijn er grofweg 3 categorie\u00ebn van houding(safwijkingen). Op deze pagina leest u hier meer over.","og_url":"https:\/\/hercules-therapie.nl\/houdingstherapie\/typen-houdingsafwijkingen\/","og_site_name":"Praktijk voor Houdingstherapie Hercules","article_publisher":"http:\/\/www.facebook.com\/houdingstherapie","article_modified_time":"2019-04-22T13:30:49+00:00","twitter_card":"summary_large_image","twitter_site":"@herculeshouding","twitter_misc":{"Geschatte leestijd":"6 minuten"},"schema":{"@context":"https:\/\/schema.org","@graph":[{"@type":"WebPage","@id":"https:\/\/hercules-therapie.nl\/houdingstherapie\/typen-houdingsafwijkingen\/","url":"https:\/\/hercules-therapie.nl\/houdingstherapie\/typen-houdingsafwijkingen\/","name":"Typen houding - Praktijk voor Houdingstherapie Hercules","isPartOf":{"@id":"https:\/\/hercules-therapie.nl\/houdingstherapie\/#website"},"datePublished":"2016-08-22T09:23:56+00:00","dateModified":"2019-04-22T13:30:49+00:00","description":"Hoewel iedereen zijn of haar eigen houding heeft, zijn er grofweg 3 categorie\u00ebn van houding(safwijkingen). Op deze pagina leest u hier meer over.","breadcrumb":{"@id":"https:\/\/hercules-therapie.nl\/houdingstherapie\/typen-houdingsafwijkingen\/#breadcrumb"},"inLanguage":"nl-NL","potentialAction":[{"@type":"ReadAction","target":["https:\/\/hercules-therapie.nl\/houdingstherapie\/typen-houdingsafwijkingen\/"]}]},{"@type":"BreadcrumbList","@id":"https:\/\/hercules-therapie.nl\/houdingstherapie\/typen-houdingsafwijkingen\/#breadcrumb","itemListElement":[{"@type":"ListItem","position":1,"name":"Home","item":"https:\/\/hercules-therapie.nl\/houdingstherapie\/"},{"@type":"ListItem","position":2,"name":"Typen houdingsafwijkingen"}]},{"@type":"WebSite","@id":"https:\/\/hercules-therapie.nl\/houdingstherapie\/#website","url":"https:\/\/hercules-therapie.nl\/houdingstherapie\/","name":"Praktijk voor Houdingstherapie Hercules","description":"Praktijk voor Houdingstherapie","potentialAction":[{"@type":"SearchAction","target":{"@type":"EntryPoint","urlTemplate":"https:\/\/hercules-therapie.nl\/houdingstherapie\/?s={search_term_string}"},"query-input":{"@type":"PropertyValueSpecification","valueRequired":true,"valueName":"search_term_string"}}],"inLanguage":"nl-NL"}]}},"_links":{"self":[{"href":"https:\/\/hercules-therapie.nl\/houdingstherapie\/wp-json\/wp\/v2\/pages\/796","targetHints":{"allow":["GET"]}}],"collection":[{"href":"https:\/\/hercules-therapie.nl\/houdingstherapie\/wp-json\/wp\/v2\/pages"}],"about":[{"href":"https:\/\/hercules-therapie.nl\/houdingstherapie\/wp-json\/wp\/v2\/types\/page"}],"author":[{"embeddable":true,"href":"https:\/\/hercules-therapie.nl\/houdingstherapie\/wp-json\/wp\/v2\/users\/2"}],"replies":[{"embeddable":true,"href":"https:\/\/hercules-therapie.nl\/houdingstherapie\/wp-json\/wp\/v2\/comments?post=796"}],"version-history":[{"count":0,"href":"https:\/\/hercules-therapie.nl\/houdingstherapie\/wp-json\/wp\/v2\/pages\/796\/revisions"}],"wp:attachment":[{"href":"https:\/\/hercules-therapie.nl\/houdingstherapie\/wp-json\/wp\/v2\/media?parent=796"}],"curies":[{"name":"wp","href":"https:\/\/api.w.org\/{rel}","templated":true}]}}